{"id":3843,"date":"2023-11-07T14:12:06","date_gmt":"2023-11-07T19:12:06","guid":{"rendered":"https:\/\/www.paysagistericcardi.ca\/privacy-policy\/"},"modified":"2025-04-21T05:43:24","modified_gmt":"2025-04-21T10:43:24","slug":"privacy-policy","status":"publish","type":"page","link":"https:\/\/www.paysagistericcardi.ca\/en\/privacy-policy\/","title":{"rendered":"Privacy policy"},"content":{"rendered":"\t\t<div data-elementor-type=\"wp-page\" data-elementor-id=\"3843\" class=\"elementor elementor-3843 elementor-3837\" data-elementor-post-type=\"page\">\n\t\t\t\t<div class=\"elementor-element elementor-element-12ef308f e-flex e-con-boxed e-con e-parent\" data-id=\"12ef308f\" data-element_type=\"container\" data-settings=\"{&quot;background_background&quot;:&quot;classic&quot;}\">\n\t\t\t\t\t<div class=\"e-con-inner\">\n\t\t<div class=\"elementor-element elementor-element-e0c9e09 e-con-full e-flex e-con e-child\" data-id=\"e0c9e09\" data-element_type=\"container\">\n\t\t\t\t<div class=\"elementor-element elementor-element-e5276b8 elementor-widget elementor-widget-text-editor\" data-id=\"e5276b8\" data-element_type=\"widget\" data-widget_type=\"text-editor.default\">\n\t\t\t\t<div class=\"elementor-widget-container\">\n\t\t\t\t\t\t\t\t\t<a href=\"https:\/\/www.paysagistericcardi.ca\/en\">Homepage<\/a> &gt; Privacy policy \t\t\t\t\t\t\t\t<\/div>\n\t\t\t\t<\/div>\n\t\t\t\t<div class=\"elementor-element elementor-element-27fc744 elementor-widget elementor-widget-heading\" data-id=\"27fc744\" data-element_type=\"widget\" data-widget_type=\"heading.default\">\n\t\t\t\t<div class=\"elementor-widget-container\">\n\t\t\t\t\t<h1 class=\"elementor-heading-title elementor-size-default\">Privacy policy <\/h1>\t\t\t\t<\/div>\n\t\t\t\t<\/div>\n\t\t\t\t<\/div>\n\t\t\t\t\t<\/div>\n\t\t\t\t<\/div>\n\t\t<div class=\"elementor-element elementor-element-a226d22 e-flex e-con-boxed e-con e-parent\" data-id=\"a226d22\" data-element_type=\"container\">\n\t\t\t\t\t<div class=\"e-con-inner\">\n\t\t\t\t<div class=\"elementor-element elementor-element-434f458 elementor-widget elementor-widget-text-editor\" data-id=\"434f458\" data-element_type=\"widget\" data-widget_type=\"text-editor.default\">\n\t\t\t\t<div class=\"elementor-widget-container\">\n\t\t\t\t\t\t\t\t\t<div style=\"padding: 4rem 0;\"><h2>Politique de confidentialit\u00e9<\/h2><p>Derni\u00e8re mise \u00e0 jour : <strong>7 novembre 2023<\/strong>.<\/p><p>1. Renseignements sur l\u2019entreprise<\/p><p>\u2013 Nom de l\u2019entreprise: L&#8217;ENTREPRISE G\u00c9N\u00c9RALE RICCARDI INC.<br \/>\u2013 Adresse physique: 6375, RUE LOUIS-SICARD SAINT-LEONARD (QUEBEC) H1P 1S9<br \/>\u2013 Adresse \u00e9lectronique: info@paysagistericcardi.ca<br \/>\u2013 Num\u00e9ro de t\u00e9l\u00e9phone: (514) 838-9968<br \/>\u2013 Enregistrement de l\u2019entreprise (NEQ): 1162492392<\/p><p>2. Type d\u2019informations collect\u00e9es<\/p><p>Nous ne recueillons que les donn\u00e9es qui nous sont envoy\u00e9es directement par courrier \u00e9lectronique.<\/p><p>3. Objectif de la collecte de donn\u00e9es<\/p><p>Nous ne recueillons que les courriels qui nous sont envoy\u00e9s par des clients potentiels d\u00e9sireux de recevoir un devis pour des services d&#8217;am\u00e9nagement paysager.<\/p><p>4. Consentement et option d\u2019adh\u00e9sion<\/p><p>Nous disposons d\u2019une option d\u2019acceptation sur notre site web o\u00f9 les clients peuvent accepter tout ou partie de notre politique de confidentialit\u00e9 ou la rejeter.<\/p><p>5. Stockage des donn\u00e9es et s\u00e9curit\u00e9<\/p><p>Nous stockons ces donn\u00e9es sur un serveur local \u00e0 Montr\u00e9al, et nous prenons des mesures de s\u00e9curit\u00e9 raisonnables pour prot\u00e9ger ces informations.<\/p><p>6. Partage avec des tiers<\/p><p>Nous pouvons partager des informations avec certaines soci\u00e9t\u00e9s tierces telles que Google Analytics, principalement dans le but de surveiller le trafic des utilisateurs sur notre site Web.<\/p><p>7. Cookies et suivi \u2013 Nous utilisons des cookies<\/p><p>Nous utilisons des cookies et d\u2019autres technologies de suivi pour am\u00e9liorer votre exp\u00e9rience de navigation sur notre site, pour vous montrer un contenu personnalis\u00e9 et des publicit\u00e9s cibl\u00e9es, pour analyser le trafic de notre site et pour comprendre la provenance de nos visiteurs,<\/p><p>8. Droits de l\u2019utilisateur<\/p><p>Toutes les informations peuvent \u00eatre consult\u00e9es et supprim\u00e9es \u00e0 la demande du client.<\/p><p>9. Conservation des donn\u00e9es<\/p><p>Des outils tiers tels que <a href=\"https:\/\/marketingplatform.google.com\/about\/analytics\/\">Google Analytics<\/a>, <a href=\"https:\/\/developers.google.com\/tag-platform\/gtagjs\">Global site tag<\/a> (gtag.js), <a href=\"https:\/\/support.google.com\/tagmanager\/answer\/6106960?hl=en\">Google Ads Remarketing Tag<\/a>, et <a href=\"https:\/\/support.google.com\/tagmanager\/answer\/6102821?hl=en\">Google Tag Manager<\/a>\u00a0peuvent conserver les informations de votre navigateur pendant un an. Toutes les informations que nous recevons par e-mail peuvent \u00eatre supprim\u00e9es \u00e0 la demande du client.<\/p><p>10. Notification de violation de donn\u00e9es<\/p><p>En cas de violation de donn\u00e9es, nous informons nos clients et les autorit\u00e9s par e-mail.<\/p><p>11. Respect de la loi<\/p><p>Nous respectons toutes les r\u00e8gles \u00e9nonc\u00e9es dans la loi 25. Pour plus d\u2019informations, veuillez consulter la [<a href=\"https:\/\/www.quebec.ca\/nouvelles\/actualites\/details\/entree-en-vigueur-des-nouvelles-dispositions-de-la-loi-25-50723#:~:text=La%20Loi%2025%20modifie%20principalement,personnels%20dans%20le%20secteur%20priv\u00e9.\">Loi 25<\/a>].<\/p><p>12. Informations de contact<\/p><p>Pour toute question, pr\u00e9occupation ou commentaire concernant votre vie priv\u00e9e ou la pr\u00e9sente politique de confidentialit\u00e9, veuillez contacter :\u00a0<\/p><p>Mme Rosie Riccardi<br \/>Courriel : <a href=\"mailto:info@paysagistericcardi.ca\">info@paysagistericcardi.ca<\/a><br \/>Adresse physique : 6375, RUE LOUIS-SICARD SAINT-LEONARD (QUEBEC) H1P 1S9<\/p><\/div>\t\t\t\t\t\t\t\t<\/div>\n\t\t\t\t<\/div>\n\t\t\t\t\t<\/div>\n\t\t\t\t<\/div>\n\t\t\t\t<\/div>\n\t\t","protected":false},"excerpt":{"rendered":"<p>Homepage &gt; Privacy policy Privacy policy Politique de confidentialit\u00e9 Derni\u00e8re mise \u00e0 jour : 7 novembre 2023. 1. Renseignements sur l\u2019entreprise \u2013 Nom de l\u2019entreprise: L&#8217;ENTREPRISE G\u00c9N\u00c9RALE RICCARDI INC.\u2013 Adresse physique: 6375, RUE LOUIS-SICARD SAINT-LEONARD (QUEBEC) H1P 1S9\u2013 Adresse \u00e9lectronique: info@paysagistericcardi.ca\u2013 Num\u00e9ro de t\u00e9l\u00e9phone: (514) 838-9968\u2013 Enregistrement de l\u2019entreprise (NEQ): 1162492392 2. Type d\u2019informations collect\u00e9es [&hellip;]<\/p>\n","protected":false},"author":6,"featured_media":0,"parent":0,"menu_order":0,"comment_status":"closed","ping_status":"closed","template":"elementor_header_footer","meta":{"footnotes":""},"class_list":["post-3843","page","type-page","status-publish","hentry"],"yoast_head":"<!-- This site is optimized with the Yoast SEO plugin v25.8 - https:\/\/yoast.com\/wordpress\/plugins\/seo\/ -->\n<title>Privacy policy - L\u2019Entreprise G\u00e9n\u00e9rale Paysagiste Riccardi<\/title>\n<meta name=\"description\" content=\"Privacy policy - L&#039;Entreprise g\u00e9n\u00e9rale Paysagiste Riccardi\" \/>\n<meta name=\"robots\" content=\"index, follow, max-snippet:-1, max-image-preview:large, max-video-preview:-1\" \/>\n<link rel=\"canonical\" href=\"https:\/\/www.paysagistericcardi.ca\/en\/privacy-policy\/\" \/>\n<meta property=\"og:locale\" content=\"en_US\" \/>\n<meta property=\"og:type\" content=\"article\" \/>\n<meta property=\"og:title\" content=\"Privacy policy - L\u2019Entreprise G\u00e9n\u00e9rale Paysagiste Riccardi\" \/>\n<meta property=\"og:description\" content=\"Privacy policy - L&#039;Entreprise g\u00e9n\u00e9rale Paysagiste Riccardi\" \/>\n<meta property=\"og:url\" content=\"https:\/\/www.paysagistericcardi.ca\/en\/privacy-policy\/\" \/>\n<meta property=\"og:site_name\" content=\"L\u2019Entreprise G\u00e9n\u00e9rale Paysagiste Riccardi\" \/>\n<meta property=\"article:publisher\" content=\"https:\/\/www.facebook.com\/riccardipaysagiste\/\" \/>\n<meta property=\"article:modified_time\" content=\"2025-04-21T10:43:24+00:00\" \/>\n<meta name=\"twitter:label1\" content=\"Est. reading time\" \/>\n\t<meta name=\"twitter:data1\" content=\"2 minutes\" \/>\n<script type=\"application\/ld+json\" class=\"yoast-schema-graph\">{\"@context\":\"https:\/\/schema.org\",\"@graph\":[{\"@type\":\"WebPage\",\"@id\":\"https:\/\/www.paysagistericcardi.ca\/en\/privacy-policy\/\",\"url\":\"https:\/\/www.paysagistericcardi.ca\/en\/privacy-policy\/\",\"name\":\"Privacy policy - L\u2019Entreprise G\u00e9n\u00e9rale Paysagiste Riccardi\",\"isPartOf\":{\"@id\":\"https:\/\/www.paysagistericcardi.ca\/en\/#website\"},\"datePublished\":\"2023-11-07T19:12:06+00:00\",\"dateModified\":\"2025-04-21T10:43:24+00:00\",\"description\":\"Privacy policy - L'Entreprise g\u00e9n\u00e9rale Paysagiste Riccardi\",\"inLanguage\":\"en-US\",\"potentialAction\":[{\"@type\":\"ReadAction\",\"target\":[\"https:\/\/www.paysagistericcardi.ca\/en\/privacy-policy\/\"]}]},{\"@type\":\"WebSite\",\"@id\":\"https:\/\/www.paysagistericcardi.ca\/en\/#website\",\"url\":\"https:\/\/www.paysagistericcardi.ca\/en\/\",\"name\":\"L\u2019Entreprise G\u00e9n\u00e9rale Paysagiste Riccardi\",\"description\":\"\",\"publisher\":{\"@id\":\"https:\/\/www.paysagistericcardi.ca\/en\/#organization\"},\"potentialAction\":[{\"@type\":\"SearchAction\",\"target\":{\"@type\":\"EntryPoint\",\"urlTemplate\":\"https:\/\/www.paysagistericcardi.ca\/en\/?s={search_term_string}\"},\"query-input\":{\"@type\":\"PropertyValueSpecification\",\"valueRequired\":true,\"valueName\":\"search_term_string\"}}],\"inLanguage\":\"en-US\"},{\"@type\":\"Organization\",\"@id\":\"https:\/\/www.paysagistericcardi.ca\/en\/#organization\",\"name\":\"L'Entreprise g\u00e9n\u00e9rale paysagiste Riccardi\",\"url\":\"https:\/\/www.paysagistericcardi.ca\/en\/\",\"logo\":{\"@type\":\"ImageObject\",\"inLanguage\":\"en-US\",\"@id\":\"https:\/\/www.paysagistericcardi.ca\/en\/#\/schema\/logo\/image\/\",\"url\":\"https:\/\/www.paysagistericcardi.ca\/wp-content\/uploads\/amenagement-paysagistes-a-montreal-paysagiste-riccardi-logo-1.png\",\"contentUrl\":\"https:\/\/www.paysagistericcardi.ca\/wp-content\/uploads\/amenagement-paysagistes-a-montreal-paysagiste-riccardi-logo-1.png\",\"width\":352,\"height\":250,\"caption\":\"L'Entreprise g\u00e9n\u00e9rale paysagiste Riccardi\"},\"image\":{\"@id\":\"https:\/\/www.paysagistericcardi.ca\/en\/#\/schema\/logo\/image\/\"},\"sameAs\":[\"https:\/\/www.facebook.com\/riccardipaysagiste\/\",\"https:\/\/www.youtube.com\/channel\/UC8NBvaOaW3eIWgFG0YD-sVQ\"]}]}<\/script>\n<!-- \/ Yoast SEO plugin. -->","yoast_head_json":{"title":"Privacy policy - L\u2019Entreprise G\u00e9n\u00e9rale Paysagiste Riccardi","description":"Privacy policy - L'Entreprise g\u00e9n\u00e9rale Paysagiste Riccardi","robots":{"index":"index","follow":"follow","max-snippet":"max-snippet:-1","max-image-preview":"max-image-preview:large","max-video-preview":"max-video-preview:-1"},"canonical":"https:\/\/www.paysagistericcardi.ca\/en\/privacy-policy\/","og_locale":"en_US","og_type":"article","og_title":"Privacy policy - L\u2019Entreprise G\u00e9n\u00e9rale Paysagiste Riccardi","og_description":"Privacy policy - L'Entreprise g\u00e9n\u00e9rale Paysagiste Riccardi","og_url":"https:\/\/www.paysagistericcardi.ca\/en\/privacy-policy\/","og_site_name":"L\u2019Entreprise G\u00e9n\u00e9rale Paysagiste Riccardi","article_publisher":"https:\/\/www.facebook.com\/riccardipaysagiste\/","article_modified_time":"2025-04-21T10:43:24+00:00","twitter_misc":{"Est. reading time":"2 minutes"},"schema":{"@context":"https:\/\/schema.org","@graph":[{"@type":"WebPage","@id":"https:\/\/www.paysagistericcardi.ca\/en\/privacy-policy\/","url":"https:\/\/www.paysagistericcardi.ca\/en\/privacy-policy\/","name":"Privacy policy - L\u2019Entreprise G\u00e9n\u00e9rale Paysagiste Riccardi","isPartOf":{"@id":"https:\/\/www.paysagistericcardi.ca\/en\/#website"},"datePublished":"2023-11-07T19:12:06+00:00","dateModified":"2025-04-21T10:43:24+00:00","description":"Privacy policy - L'Entreprise g\u00e9n\u00e9rale Paysagiste Riccardi","inLanguage":"en-US","potentialAction":[{"@type":"ReadAction","target":["https:\/\/www.paysagistericcardi.ca\/en\/privacy-policy\/"]}]},{"@type":"WebSite","@id":"https:\/\/www.paysagistericcardi.ca\/en\/#website","url":"https:\/\/www.paysagistericcardi.ca\/en\/","name":"L\u2019Entreprise G\u00e9n\u00e9rale Paysagiste Riccardi","description":"","publisher":{"@id":"https:\/\/www.paysagistericcardi.ca\/en\/#organization"},"potentialAction":[{"@type":"SearchAction","target":{"@type":"EntryPoint","urlTemplate":"https:\/\/www.paysagistericcardi.ca\/en\/?s={search_term_string}"},"query-input":{"@type":"PropertyValueSpecification","valueRequired":true,"valueName":"search_term_string"}}],"inLanguage":"en-US"},{"@type":"Organization","@id":"https:\/\/www.paysagistericcardi.ca\/en\/#organization","name":"L'Entreprise g\u00e9n\u00e9rale paysagiste Riccardi","url":"https:\/\/www.paysagistericcardi.ca\/en\/","logo":{"@type":"ImageObject","inLanguage":"en-US","@id":"https:\/\/www.paysagistericcardi.ca\/en\/#\/schema\/logo\/image\/","url":"https:\/\/www.paysagistericcardi.ca\/wp-content\/uploads\/amenagement-paysagistes-a-montreal-paysagiste-riccardi-logo-1.png","contentUrl":"https:\/\/www.paysagistericcardi.ca\/wp-content\/uploads\/amenagement-paysagistes-a-montreal-paysagiste-riccardi-logo-1.png","width":352,"height":250,"caption":"L'Entreprise g\u00e9n\u00e9rale paysagiste Riccardi"},"image":{"@id":"https:\/\/www.paysagistericcardi.ca\/en\/#\/schema\/logo\/image\/"},"sameAs":["https:\/\/www.facebook.com\/riccardipaysagiste\/","https:\/\/www.youtube.com\/channel\/UC8NBvaOaW3eIWgFG0YD-sVQ"]}]}},"_links":{"self":[{"href":"https:\/\/www.paysagistericcardi.ca\/en\/wp-json\/wp\/v2\/pages\/3843","targetHints":{"allow":["GET"]}}],"collection":[{"href":"https:\/\/www.paysagistericcardi.ca\/en\/wp-json\/wp\/v2\/pages"}],"about":[{"href":"https:\/\/www.paysagistericcardi.ca\/en\/wp-json\/wp\/v2\/types\/page"}],"author":[{"embeddable":true,"href":"https:\/\/www.paysagistericcardi.ca\/en\/wp-json\/wp\/v2\/users\/6"}],"replies":[{"embeddable":true,"href":"https:\/\/www.paysagistericcardi.ca\/en\/wp-json\/wp\/v2\/comments?post=3843"}],"version-history":[{"count":9,"href":"https:\/\/www.paysagistericcardi.ca\/en\/wp-json\/wp\/v2\/pages\/3843\/revisions"}],"predecessor-version":[{"id":5857,"href":"https:\/\/www.paysagistericcardi.ca\/en\/wp-json\/wp\/v2\/pages\/3843\/revisions\/5857"}],"wp:attachment":[{"href":"https:\/\/www.paysagistericcardi.ca\/en\/wp-json\/wp\/v2\/media?parent=3843"}],"curies":[{"name":"wp","href":"https:\/\/api.w.org\/{rel}","templated":true}]}}